{"id":99,"date":"2016-10-08T00:34:55","date_gmt":"2016-10-07T22:34:55","guid":{"rendered":"https:\/\/te-se-gi.de\/?page_id=99"},"modified":"2016-10-08T00:34:55","modified_gmt":"2016-10-07T22:34:55","slug":"freelancer","status":"publish","type":"page","link":"https:\/\/te-se-gi.de\/index.php\/freelancer\/","title":{"rendered":"Freelancer"},"content":{"rendered":"<p><img loading=\"lazy\" decoding=\"async\" class=\"alignright wp-image-172 \" src=\"http:\/\/te-se-gi.wpn.dl-local.de\/wp-content\/uploads\/sites\/5\/2016\/10\/img_0872-300x259.jpg\" alt=\"img_0872\" width=\"235\" height=\"203\" \/><\/p>\n<p>Sie haben eine Veranstaltung welcher Art auch immer? Sie haben zwar vorhandenes Equipment, doch keinen der es aufbauen und betreiben kann? Oder vielleicht sind Sie ja sogar ein Veranstaltungsdienstleister, der in etwas gr\u00f6\u00dferen Ligen spielt als wir und f\u00fcr ein Projekt noch Mitarbeiter ben\u00f6tigt?<\/p>\n<p>Dann sprechen Sie uns an !<\/p>\n<p>Mit uns bekommen sie ein motiviertes, eingespieltes Team, welches die Arbeit an Veranstaltungen liebt und gern dazu beitr\u00e4gt, einen reibungslosen Ablauf zu verwirklichen.<br \/>\n<img loading=\"lazy\" decoding=\"async\" class=\"alignleft wp-image-173 size-medium\" src=\"http:\/\/te-se-gi.wpn.dl-local.de\/wp-content\/uploads\/sites\/5\/2016\/10\/IMG_0983-300x200.jpg\" alt=\"img_0983\" width=\"300\" height=\"200\" \/><\/p>\n<p>Wir vom Technik-Service-Gifhorn sind :<\/p>\n<ul>\n<li>aufgeschlossen gegen\u00fcber neuen Aufgaben<\/li>\n<li>uns f\u00fcr keine Arbeit zu schade<\/li>\n<li>uns unserer Verantwortung bewusst<\/li>\n<li>absolute Teamplayer<\/li>\n<li>stets daran bem\u00fcht, neues zu lernen und altes Wissen zu vertiefen<\/li>\n<\/ul>\n<p>&nbsp;<\/p>\n<p>Wenn Sie es also leid sind, in die Gesichter lustloser und genervter Mitarbeiter zu blicken, dann sind wir ihre Alternative.Denn im Gegensatz zu vielen Anderen unserer Branche, haben wir noch Bock und sind froh \u00fcber jede neue Erfahrung nach einem erledigten Job.<\/p>\n<h2 style=\"text-align: center\">So, it\u00b4s time for Rock\u00b4n`Roll !!!<\/h2>\n<p><img loading=\"lazy\" decoding=\"async\" class=\"aligncenter size-full wp-image-171\" src=\"http:\/\/te-se-gi.wpn.dl-local.de\/wp-content\/uploads\/sites\/5\/2016\/10\/davidavatar3-2.jpg\" alt=\"davidavatar3-2\" width=\"300\" height=\"300\" \/><\/p>\n","protected":false},"excerpt":{"rendered":"<p>Sie haben eine Veranstaltung welcher Art auch immer? Sie haben zwar vorhandenes Equipment, doch keinen der es aufbauen und betreiben kann? Oder vielleicht sind Sie ja sogar ein Veranstaltungsdienstleister, der in etwas gr\u00f6\u00dferen Ligen spielt als wir und f\u00fcr ein Projekt noch Mitarbeiter ben\u00f6tigt? Dann sprechen Sie uns an ! Mit uns bekommen sie ein <a class=\"more-link\" href=\"https:\/\/te-se-gi.de\/index.php\/freelancer\/\">weiterlesen&#8230;<\/a><\/p>\n","protected":false},"author":4,"featured_media":0,"parent":0,"menu_order":0,"comment_status":"closed","ping_status":"closed","template":"","meta":{"_acf_changed":false,"footnotes":""},"class_list":["post-99","page","type-page","status-publish","hentry"],"acf":[],"_links":{"self":[{"href":"https:\/\/te-se-gi.de\/index.php\/wp-json\/wp\/v2\/pages\/99","targetHints":{"allow":["GET"]}}],"collection":[{"href":"https:\/\/te-se-gi.de\/index.php\/wp-json\/wp\/v2\/pages"}],"about":[{"href":"https:\/\/te-se-gi.de\/index.php\/wp-json\/wp\/v2\/types\/page"}],"author":[{"embeddable":true,"href":"https:\/\/te-se-gi.de\/index.php\/wp-json\/wp\/v2\/users\/4"}],"replies":[{"embeddable":true,"href":"https:\/\/te-se-gi.de\/index.php\/wp-json\/wp\/v2\/comments?post=99"}],"version-history":[{"count":0,"href":"https:\/\/te-se-gi.de\/index.php\/wp-json\/wp\/v2\/pages\/99\/revisions"}],"wp:attachment":[{"href":"https:\/\/te-se-gi.de\/index.php\/wp-json\/wp\/v2\/media?parent=99"}],"curies":[{"name":"wp","href":"https:\/\/api.w.org\/{rel}","templated":true}]}}