{"id":96,"date":"2016-10-08T00:33:46","date_gmt":"2016-10-07T22:33:46","guid":{"rendered":"https:\/\/te-se-gi.de\/?page_id=96"},"modified":"2016-10-08T00:33:46","modified_gmt":"2016-10-07T22:33:46","slug":"referenzen","status":"publish","type":"page","link":"https:\/\/te-se-gi.de\/index.php\/referenzen\/","title":{"rendered":"Referenzen"},"content":{"rendered":"<p>In unseren Jahren als Veranstaltungsdienstleister konnten wir bereits einige Events zu einem gelungenen Abschluss bringen und gro\u00dfe Feste\/Festivals sowie K\u00fcnstler unterst\u00fctzen.<\/p>\n<p>Einige davon sehen Sie folgend aufgelistet :<\/p>\n<ul>\n<li>Altstadtfest Gifhorn, B\u00fchnen Georgshof\/Zickengasse (2002 bis 2014)<\/li>\n<li>Musikscheune- Pollh\u00f6fen<\/li>\n<li>Gregor Meyle<\/li>\n<li>Volker Schlag<\/li>\n<li>Creeperhead<\/li>\n<li>Modern Earl<\/li>\n<li>Lindenspektakel<\/li>\n<li>Firma H\u00f6nigsberg&amp;D\u00fcvel (Sommerfest)<\/li>\n<li>Volksfest Woltwiesche<\/li>\n<li>1.+ 2. Gifhorner Beat-Night<\/li>\n<li>Phillip B\u00f6lter<\/li>\n<li>Das Musical &#8222;Grease&#8220;, aufgef\u00fchrt vom Schulzentrum Sassenburg<\/li>\n<li>Weihnachtsturnen des MTV Jahn Schladen<\/li>\n<li>Dynamo Ska<\/li>\n<li>Feuerchen&amp;W\u00e4sserchen am Schlossee in Gifhorn<\/li>\n<li>Stadtfest Celle<\/li>\n<li>Magnifest Braunschweig<\/li>\n<li>Stadt Gifhorn<\/li>\n<li>und viele mehr<\/li>\n<\/ul>\n","protected":false},"excerpt":{"rendered":"<p>In unseren Jahren als Veranstaltungsdienstleister konnten wir bereits einige Events zu einem gelungenen Abschluss bringen und gro\u00dfe Feste\/Festivals sowie K\u00fcnstler unterst\u00fctzen. Einige davon sehen Sie folgend aufgelistet : Altstadtfest Gifhorn, B\u00fchnen Georgshof\/Zickengasse (2002 bis 2014) Musikscheune- Pollh\u00f6fen Gregor Meyle Volker Schlag Creeperhead Modern Earl Lindenspektakel Firma H\u00f6nigsberg&amp;D\u00fcvel (Sommerfest) Volksfest Woltwiesche 1.+ 2. Gifhorner Beat-Night Phillip <a class=\"more-link\" href=\"https:\/\/te-se-gi.de\/index.php\/referenzen\/\">weiterlesen&#8230;<\/a><\/p>\n","protected":false},"author":4,"featured_media":0,"parent":0,"menu_order":0,"comment_status":"closed","ping_status":"closed","template":"","meta":{"_acf_changed":false,"footnotes":""},"class_list":["post-96","page","type-page","status-publish","hentry"],"acf":[],"_links":{"self":[{"href":"https:\/\/te-se-gi.de\/index.php\/wp-json\/wp\/v2\/pages\/96","targetHints":{"allow":["GET"]}}],"collection":[{"href":"https:\/\/te-se-gi.de\/index.php\/wp-json\/wp\/v2\/pages"}],"about":[{"href":"https:\/\/te-se-gi.de\/index.php\/wp-json\/wp\/v2\/types\/page"}],"author":[{"embeddable":true,"href":"https:\/\/te-se-gi.de\/index.php\/wp-json\/wp\/v2\/users\/4"}],"replies":[{"embeddable":true,"href":"https:\/\/te-se-gi.de\/index.php\/wp-json\/wp\/v2\/comments?post=96"}],"version-history":[{"count":0,"href":"https:\/\/te-se-gi.de\/index.php\/wp-json\/wp\/v2\/pages\/96\/revisions"}],"wp:attachment":[{"href":"https:\/\/te-se-gi.de\/index.php\/wp-json\/wp\/v2\/media?parent=96"}],"curies":[{"name":"wp","href":"https:\/\/api.w.org\/{rel}","templated":true}]}}