{"id":89,"date":"2016-10-08T00:21:36","date_gmt":"2016-10-07T22:21:36","guid":{"rendered":"https:\/\/te-se-gi.de\/?page_id=89"},"modified":"2016-10-08T00:21:36","modified_gmt":"2016-10-07T22:21:36","slug":"leistungen","status":"publish","type":"page","link":"https:\/\/te-se-gi.de\/index.php\/leistungen\/","title":{"rendered":"Leistungen"},"content":{"rendered":"<p>Wir vom Technik-Service-Gifhorn sind Ihr leistungsstarker und kompetenter Partner bei der Umsetzung Ihrer W\u00fcnsche und Ideen. Wir vereinen veranstaltungs- und elektrotechnische F\u00e4higkeiten ebenso wie netzwerk- und metalltechnisches Know-how.<\/p>\n<p>Und auf all dieses Wissen, welches stets erweitert und vertieft wird, k\u00f6nnen Sie zur\u00fcckgreifen und vertrauen. Scheuen Sie sich nicht, uns Ihre Vorstellung mitzuteilen&#8230;wir finden ein L\u00f6sung, versprochen.<\/p>\n<p><a href=\"https:\/\/te-se-gi.de\/index.php\/sound\/\"><\/p>\n<div class=\"thumbnail\">\n\t\t<img loading=\"lazy\" decoding=\"async\" class=\"alignnone\" src=\"http:\/\/te-se-gi.wpn.dl-local.de\/wp-content\/uploads\/sites\/5\/2016\/10\/sound.jpeg\" alt=\"Audio\" width=\"327\" height=\"245\" \/><br \/>\n\t\t<span>Audio<\/span>\n\t<\/div>\n<p><\/a><\/p>\n<p><a href=\"https:\/\/te-se-gi.de\/index.php\/light\/\"><\/p>\n<div class=\"thumbnail\">\n\t\t<img loading=\"lazy\" decoding=\"async\" class=\"alignnone\" src=\"http:\/\/te-se-gi.wpn.dl-local.de\/wp-content\/uploads\/sites\/5\/2016\/10\/light.jpg\" alt=\"Licht\" width=\"327\" height=\"245\" \/><br \/>\n\t\t<span>Licht<\/span>\n\t<\/div>\n<p><\/a>\t<\/p>\n<p><a href=\"https:\/\/te-se-gi.de\/index.php\/recording\/\">\t<\/p>\n<div class=\"thumbnail\">\n\t\t<img loading=\"lazy\" decoding=\"async\" class=\"alignnone\" src=\"http:\/\/te-se-gi.wpn.dl-local.de\/wp-content\/uploads\/sites\/5\/2016\/10\/record.jpg\" alt=\"Recording\" width=\"327\" height=\"245\" \/><br \/>\n\t\t<span>Recording<\/span>\n\t<\/div>\n<p><\/a><\/p>\n","protected":false},"excerpt":{"rendered":"<p>Wir vom Technik-Service-Gifhorn sind Ihr leistungsstarker und kompetenter Partner bei der Umsetzung Ihrer W\u00fcnsche und Ideen. Wir vereinen veranstaltungs- und elektrotechnische F\u00e4higkeiten ebenso wie netzwerk- und metalltechnisches Know-how. Und auf all dieses Wissen, welches stets erweitert und vertieft wird, k\u00f6nnen Sie zur\u00fcckgreifen und vertrauen. Scheuen Sie sich nicht, uns Ihre Vorstellung mitzuteilen&#8230;wir finden ein L\u00f6sung, <a class=\"more-link\" href=\"https:\/\/te-se-gi.de\/index.php\/leistungen\/\">weiterlesen&#8230;<\/a><\/p>\n","protected":false},"author":4,"featured_media":0,"parent":0,"menu_order":0,"comment_status":"closed","ping_status":"closed","template":"","meta":{"_acf_changed":false,"footnotes":""},"class_list":["post-89","page","type-page","status-publish","hentry"],"acf":[],"_links":{"self":[{"href":"https:\/\/te-se-gi.de\/index.php\/wp-json\/wp\/v2\/pages\/89","targetHints":{"allow":["GET"]}}],"collection":[{"href":"https:\/\/te-se-gi.de\/index.php\/wp-json\/wp\/v2\/pages"}],"about":[{"href":"https:\/\/te-se-gi.de\/index.php\/wp-json\/wp\/v2\/types\/page"}],"author":[{"embeddable":true,"href":"https:\/\/te-se-gi.de\/index.php\/wp-json\/wp\/v2\/users\/4"}],"replies":[{"embeddable":true,"href":"https:\/\/te-se-gi.de\/index.php\/wp-json\/wp\/v2\/comments?post=89"}],"version-history":[{"count":0,"href":"https:\/\/te-se-gi.de\/index.php\/wp-json\/wp\/v2\/pages\/89\/revisions"}],"wp:attachment":[{"href":"https:\/\/te-se-gi.de\/index.php\/wp-json\/wp\/v2\/media?parent=89"}],"curies":[{"name":"wp","href":"https:\/\/api.w.org\/{rel}","templated":true}]}}