{"id":80,"date":"2016-10-08T00:00:41","date_gmt":"2016-10-07T22:00:41","guid":{"rendered":"https:\/\/te-se-gi.de\/?page_id=80"},"modified":"2016-10-08T00:00:41","modified_gmt":"2016-10-07T22:00:41","slug":"recording","status":"publish","type":"page","link":"https:\/\/te-se-gi.de\/index.php\/recording\/","title":{"rendered":"Recording"},"content":{"rendered":"<p><img loading=\"lazy\" decoding=\"async\" class=\"size-full wp-image-81 alignleft\" src=\"http:\/\/te-se-gi.wpn.dl-local.de\/wp-content\/uploads\/sites\/5\/2016\/10\/record.jpg\" alt=\"record\" width=\"327\" height=\"245\" \/><\/p>\n<p>Die Atmosph\u00e4re und das Flair eines Live- Konzertes sind nat\u00fcrlich durch nichts zu ersetzen. Auch nicht durch die beste Aufnahme. Doch trotz allem ist dies kein Grund, das Geschehene nur eine Momentaufnahme bleiben zu lassen.<\/p>\n<p>Egal ob Live- Mitschnitt oder Studioproduktion&#8230;wir vom Technik- Service- Gifhorn bringen Ihre Ideen und Werke aufs Band&#8230;bzw. auf die Festplatte.<\/p>\n<p>&nbsp;<\/p>\n<p>Mit der Erfahrung unz\u00e4hliger Live- Mitschnitte und (zugegebenerma\u00dfen \u00fcberschaubaren) Studioproduktionen sind wir Ihr Ansprechpartner um eine qualitativ hochwertige Aufnahme f\u00fcr Sie, Ihre Fans und Ihre Kunden zu verwirklichen.<\/p>\n<p>Unsere Aufnahmer\u00e4ume befinden sich in der Musik-Scheune-Pollh\u00f6fen. Durch ihren Live- Charakter bietet sich ein kreatives Umfeld, welches zwar nicht studiotypisch, aber sehr anregend wirkt.<\/p>\n<p style=\"text-align: left\">Zur Verf\u00fcgung steht der Konzertsaal, welcher durch<a href=\"http:\/\/te-se-gi.wpn.dl-local.de\/wp-content\/uploads\/sites\/5\/2016\/10\/IMG_0030.jpg\"><img loading=\"lazy\" decoding=\"async\" class=\"alignright size-medium wp-image-167\" src=\"http:\/\/te-se-gi.wpn.dl-local.de\/wp-content\/uploads\/sites\/5\/2016\/10\/IMG_0030-300x224.jpg\" alt=\"img_0030\" width=\"300\" height=\"224\" \/><\/a> seine Gr\u00f6\u00dfe (10m x 11m, bei 6m H\u00f6he) und seine komplette Holzbauweise einen sehr warmen, offenen Sound bietet.<\/p>\n<p style=\"text-align: left\">Desweiteren bieten die Scheunenw\u00e4nde einen mit viel Liebe zum Detail ausgebauten kleineren Aufnahmeraum (6m x 4m, bei 2,8m H\u00f6he). Dieser besticht durch seine Wandelbarkeit. Seine Klangcharakteristik l\u00e4sst sich ohne gro\u00dfe M\u00fche von &#8222;direkt und offen&#8220;, \u00fcber &#8222;diffus&#8220; bis hin zur Sprecherkabine wandeln.<\/p>\n<p style=\"text-align: left\">Um sich einen umfassenden Einblick in unsere R\u00e4umlichkeiten zu verschaffen, schauen sie doch bitte auf unsere Gallerie, oder besuchen uns auf einem Konzert bzw. nach Absprache direkt in der Musik-Scheune-Pollh\u00f6fen.<\/p>\n","protected":false},"excerpt":{"rendered":"<p>Die Atmosph\u00e4re und das Flair eines Live- Konzertes sind nat\u00fcrlich durch nichts zu ersetzen. Auch nicht durch die beste Aufnahme. Doch trotz allem ist dies kein Grund, das Geschehene nur eine Momentaufnahme bleiben zu lassen. Egal ob Live- Mitschnitt oder Studioproduktion&#8230;wir vom Technik- Service- Gifhorn bringen Ihre Ideen und Werke aufs Band&#8230;bzw. auf die Festplatte. <a class=\"more-link\" href=\"https:\/\/te-se-gi.de\/index.php\/recording\/\">weiterlesen&#8230;<\/a><\/p>\n","protected":false},"author":4,"featured_media":0,"parent":0,"menu_order":0,"comment_status":"closed","ping_status":"closed","template":"","meta":{"_acf_changed":false,"footnotes":""},"class_list":["post-80","page","type-page","status-publish","hentry"],"acf":[],"_links":{"self":[{"href":"https:\/\/te-se-gi.de\/index.php\/wp-json\/wp\/v2\/pages\/80","targetHints":{"allow":["GET"]}}],"collection":[{"href":"https:\/\/te-se-gi.de\/index.php\/wp-json\/wp\/v2\/pages"}],"about":[{"href":"https:\/\/te-se-gi.de\/index.php\/wp-json\/wp\/v2\/types\/page"}],"author":[{"embeddable":true,"href":"https:\/\/te-se-gi.de\/index.php\/wp-json\/wp\/v2\/users\/4"}],"replies":[{"embeddable":true,"href":"https:\/\/te-se-gi.de\/index.php\/wp-json\/wp\/v2\/comments?post=80"}],"version-history":[{"count":0,"href":"https:\/\/te-se-gi.de\/index.php\/wp-json\/wp\/v2\/pages\/80\/revisions"}],"wp:attachment":[{"href":"https:\/\/te-se-gi.de\/index.php\/wp-json\/wp\/v2\/media?parent=80"}],"curies":[{"name":"wp","href":"https:\/\/api.w.org\/{rel}","templated":true}]}}