{"id":77,"date":"2016-10-07T23:56:09","date_gmt":"2016-10-07T21:56:09","guid":{"rendered":"https:\/\/te-se-gi.de\/?page_id=77"},"modified":"2016-10-07T23:56:09","modified_gmt":"2016-10-07T21:56:09","slug":"light-2","status":"publish","type":"page","link":"https:\/\/te-se-gi.de\/index.php\/light-2\/","title":{"rendered":"Licht"},"content":{"rendered":"<p><img loading=\"lazy\" decoding=\"async\" class=\"size-full wp-image-78 alignleft\" src=\"http:\/\/te-se-gi.wpn.dl-local.de\/wp-content\/uploads\/sites\/5\/2016\/10\/light.jpg\" alt=\"light\" width=\"327\" height=\"245\" \/><\/p>\n<p>&nbsp;<\/p>\n<p>Stellen Sie sich mal vor, Sie hatten einen wundervollen Abend mit Ihrer Frau, liegen nun auf dem B\u00e4renfell vor dem Kamin und \u00f6ffnen eine Flasche Wein. Doch anstatt diesen Augenblick im flackernden Kerzenschein genie\u00dfen zu k\u00f6nnen, werden sie von kalten, grellen Bauflutern angestrahlt. Nicht die sch\u00f6nste Vorstellung, oder?<\/p>\n<p>&nbsp;<\/p>\n<p>Licht ist ein Medium, welches oft untersch\u00e4tzt und als nebens\u00e4chlich deklariert wird. Dabei geht es um so viel mehr, als einfach nur irgendetwas sehen zu k\u00f6nnen. Mit der richtigen Beleuchtung k\u00f6nnen sie binnen Sekunden unterschiedlichste Emotionen entstehen lassen. Man kann ganze Geschichten erz\u00e4hlen, oder dabei helfen, eine Geschichte unvergesslich zu machen.<\/p>\n<p>&nbsp;<\/p>\n<p><img loading=\"lazy\" decoding=\"async\" class=\"size-full wp-image-161 alignright\" src=\"http:\/\/te-se-gi.wpn.dl-local.de\/wp-content\/uploads\/sites\/5\/2016\/10\/AND_2367-Schlagzeug-1.jpg\" alt=\"and_2367-schlagzeug\" width=\"327\" height=\"218\" \/><\/p>\n<p>Wir unterst\u00fctzen Sie dabei, ihre Vorstellungen ins rechte Licht zu r\u00fccken. Dabei bedienen wir uns oft unserer nicht enden wollenden Kreativit\u00e4t, oder greifen auf altbew\u00e4hrtes zur\u00fcck.<\/p>\n<p>Nicht selten m\u00fcssen wir f\u00fcr unsere ausgefallenen Ideen ein paar Stunden basteln und schrauben, da es einfach keine Fertigl\u00f6sung gibt. Doch wenn man sp\u00e4ter in die erstaunten und strahlenden Gesichter der Veranstalter und Besucher blickt, wei\u00df man es hat sich gelohnt.<\/p>\n<p><img loading=\"lazy\" decoding=\"async\" class=\"size-full wp-image-162 alignleft\" src=\"http:\/\/te-se-gi.wpn.dl-local.de\/wp-content\/uploads\/sites\/5\/2016\/10\/IMG_0797-1.jpg\" alt=\"img_0797\" width=\"350\" height=\"233\" \/><\/p>\n<p>Wenn Sie also eine scheinbar verr\u00fcckte Ideen, eine ungew\u00f6hnliche Beleuchtungsaufgabe oder einfach das Bed\u00fcrfnis nach einer m\u00fchevoll gestalteten Lichtshow haben, so scheuen Sie sich nicht, sich an uns zu wenden.<\/p>\n<p>Einen Auszug unseres Equipments finden Sie in unserer Inventarliste.<\/p>\n","protected":false},"excerpt":{"rendered":"<p>&nbsp; Stellen Sie sich mal vor, Sie hatten einen wundervollen Abend mit Ihrer Frau, liegen nun auf dem B\u00e4renfell vor dem Kamin und \u00f6ffnen eine Flasche Wein. Doch anstatt diesen Augenblick im flackernden Kerzenschein genie\u00dfen zu k\u00f6nnen, werden sie von kalten, grellen Bauflutern angestrahlt. Nicht die sch\u00f6nste Vorstellung, oder? &nbsp; Licht ist ein Medium, welches <a class=\"more-link\" href=\"https:\/\/te-se-gi.de\/index.php\/light-2\/\">weiterlesen&#8230;<\/a><\/p>\n","protected":false},"author":4,"featured_media":0,"parent":0,"menu_order":0,"comment_status":"closed","ping_status":"closed","template":"","meta":{"_acf_changed":false,"footnotes":""},"class_list":["post-77","page","type-page","status-publish","hentry"],"acf":[],"_links":{"self":[{"href":"https:\/\/te-se-gi.de\/index.php\/wp-json\/wp\/v2\/pages\/77","targetHints":{"allow":["GET"]}}],"collection":[{"href":"https:\/\/te-se-gi.de\/index.php\/wp-json\/wp\/v2\/pages"}],"about":[{"href":"https:\/\/te-se-gi.de\/index.php\/wp-json\/wp\/v2\/types\/page"}],"author":[{"embeddable":true,"href":"https:\/\/te-se-gi.de\/index.php\/wp-json\/wp\/v2\/users\/4"}],"replies":[{"embeddable":true,"href":"https:\/\/te-se-gi.de\/index.php\/wp-json\/wp\/v2\/comments?post=77"}],"version-history":[{"count":0,"href":"https:\/\/te-se-gi.de\/index.php\/wp-json\/wp\/v2\/pages\/77\/revisions"}],"wp:attachment":[{"href":"https:\/\/te-se-gi.de\/index.php\/wp-json\/wp\/v2\/media?parent=77"}],"curies":[{"name":"wp","href":"https:\/\/api.w.org\/{rel}","templated":true}]}}