{"id":74,"date":"2016-10-07T23:55:46","date_gmt":"2016-10-07T21:55:46","guid":{"rendered":"https:\/\/te-se-gi.de\/?page_id=74"},"modified":"2016-10-07T23:55:46","modified_gmt":"2016-10-07T21:55:46","slug":"sound-2","status":"publish","type":"page","link":"https:\/\/te-se-gi.de\/index.php\/sound-2\/","title":{"rendered":"Audio"},"content":{"rendered":"<p><img loading=\"lazy\" decoding=\"async\" class=\" wp-image-75 alignleft\" src=\"http:\/\/te-se-gi.wpn.dl-local.de\/wp-content\/uploads\/sites\/5\/2016\/10\/sound.jpeg\" alt=\"sound\" width=\"289\" height=\"216\" \/><\/p>\n<p>Wir leben in einer Welt, die so unglaublich viele verschiedene T\u00f6ne produzieren kann&#8230;in einer Welt, wo uns blo\u00dfe Ger\u00e4usche eine G\u00e4nsehaut verschaffen, uns fr\u00f6hlich stimmen oder uns melancholisch werden lassen k\u00f6nnen.<\/p>\n<p>Unser Part in dieser Welt ist es, diese Kl\u00e4nge auch einem gr\u00f6\u00dferen Publikum &#8222;zuh\u00f6rbar&#8220; zu machen. Dabei legen wir viel Wert auf eine \u00e4u\u00dferst nat\u00fcrliche und transparente \u00dcbertragung. Denn w\u00e4re es nicht schade, wenn etwas verloren ginge?<\/p>\n<p>Ob es sich nun um Ihre Ansprache, ein kleines Akustik- Trio oder eine ganze Big- Band handelt, wir holen mit h\u00f6chster Akribie das Beste aus Ihren Signalen.Nichts ist schlimmer, als den begnadetsten K\u00fcnstler der letzten f\u00fcnf Jahre zu sehen, doch nichts davon h\u00f6ren zu k\u00f6nnen.<img loading=\"lazy\" decoding=\"async\" class=\"size-full wp-image-134 alignright\" src=\"http:\/\/te-se-gi.wpn.dl-local.de\/wp-content\/uploads\/sites\/5\/2016\/10\/pult.jpg\" alt=\"pult\" width=\"300\" height=\"400\" \/><\/p>\n<p>Um dieses Ziel erreichen zu k\u00f6nnen, benutzen wir hochwertige Technik, unsere Erfahrung und nat\u00fcrlich unsere Ohren. Denn wer, wenn nicht sie scheiden \u00fcber den Eindruck einer Beschallung.<\/p>\n<p>Einen ersten Eindruck unserer Arbeit k\u00f6nne sie sich im Bereich &#8222;Media \/ Live- Mitschnittte &#8220; anh\u00f6ren.<\/p>\n<p>Gern k\u00f6nnen Sie sich auch einen \u00dcberblick \u00fcber unser Equipment in unserer Inventarliste verschaffen.<\/p>\n","protected":false},"excerpt":{"rendered":"<p>Wir leben in einer Welt, die so unglaublich viele verschiedene T\u00f6ne produzieren kann&#8230;in einer Welt, wo uns blo\u00dfe Ger\u00e4usche eine G\u00e4nsehaut verschaffen, uns fr\u00f6hlich stimmen oder uns melancholisch werden lassen k\u00f6nnen. Unser Part in dieser Welt ist es, diese Kl\u00e4nge auch einem gr\u00f6\u00dferen Publikum &#8222;zuh\u00f6rbar&#8220; zu machen. Dabei legen wir viel Wert auf eine \u00e4u\u00dferst <a class=\"more-link\" href=\"https:\/\/te-se-gi.de\/index.php\/sound-2\/\">weiterlesen&#8230;<\/a><\/p>\n","protected":false},"author":4,"featured_media":0,"parent":0,"menu_order":0,"comment_status":"closed","ping_status":"closed","template":"","meta":{"_acf_changed":false,"footnotes":""},"class_list":["post-74","page","type-page","status-publish","hentry"],"acf":[],"_links":{"self":[{"href":"https:\/\/te-se-gi.de\/index.php\/wp-json\/wp\/v2\/pages\/74","targetHints":{"allow":["GET"]}}],"collection":[{"href":"https:\/\/te-se-gi.de\/index.php\/wp-json\/wp\/v2\/pages"}],"about":[{"href":"https:\/\/te-se-gi.de\/index.php\/wp-json\/wp\/v2\/types\/page"}],"author":[{"embeddable":true,"href":"https:\/\/te-se-gi.de\/index.php\/wp-json\/wp\/v2\/users\/4"}],"replies":[{"embeddable":true,"href":"https:\/\/te-se-gi.de\/index.php\/wp-json\/wp\/v2\/comments?post=74"}],"version-history":[{"count":0,"href":"https:\/\/te-se-gi.de\/index.php\/wp-json\/wp\/v2\/pages\/74\/revisions"}],"wp:attachment":[{"href":"https:\/\/te-se-gi.de\/index.php\/wp-json\/wp\/v2\/media?parent=74"}],"curies":[{"name":"wp","href":"https:\/\/api.w.org\/{rel}","templated":true}]}}