{"id":195,"date":"2016-10-13T21:24:56","date_gmt":"2016-10-13T19:24:56","guid":{"rendered":"https:\/\/te-se-gi.de\/?page_id=195"},"modified":"2016-10-13T21:24:56","modified_gmt":"2016-10-13T19:24:56","slug":"partnerlinks","status":"publish","type":"page","link":"https:\/\/te-se-gi.de\/index.php\/partnerlinks\/","title":{"rendered":"Partner &amp; Links"},"content":{"rendered":"<p style=\"margin-top: 30px\">\nAuch wir brauchen\u00a0manchmal Hilfe !!! Sei es nun eine Idee, Material oder auch nur Manpower. Daher freuen wir uns, auf kompetente und zuverl\u00e4ssige Partner zur\u00fcckgreifen zu k\u00f6nnen.\n<\/p>\n<p style=\"margin-top: 15px\">\n<a href=\"http:\/\/s569681116.website-start.de\/\"><\/p>\n<div class=\"logo\">\n\t\t<img loading=\"lazy\" decoding=\"async\" src=\"http:\/\/te-se-gi.wpn.dl-local.de\/wp-content\/uploads\/sites\/5\/2016\/10\/bewepro.jpeg\" alt=\"BeWePro\" width=\"150\" height=\"150\" \/><br \/>\n\t<span>Die Weltfirma<\/span>\n\t<\/div>\n<p><\/a><\/p>\n<p style=\"margin-bottom:50px\">\n<hr width=\"75%\" \/>\n<p style=\"margin-top: 15px\">\nDes Weiteren hat das Internet nat\u00fcrlich noch viel mehr an interessanten und informativen Seiten zu bieten, welche wir Ihnen nicht vorenthalten wollen.\n<\/p>\n<p style=\"margin-top:15px\">\n<p><a href=\"http:\/\/musik-scheune-pollhoefen.de\"><\/p>\n<div class=\"logo\">\n\t\t<img loading=\"lazy\" decoding=\"async\" src=\"http:\/\/te-se-gi.wpn.dl-local.de\/wp-content\/uploads\/sites\/5\/2016\/10\/Logo_neu.png\" alt=\"MuSchPo\" width=\"150\" height=\"150\" \/><br \/>\n\t<span>Musik-Scheune-Pollh\u00f6fen<\/span>\n\t<\/div>\n<p><\/a><\/p>\n<p><a href=\"http:\/\/kultbahnhof-gifhorn.de\"><\/p>\n<div class=\"logo\">\n\t\t<img loading=\"lazy\" decoding=\"async\" src=\"http:\/\/te-se-gi.wpn.dl-local.de\/wp-content\/uploads\/sites\/5\/2016\/10\/kultbahnhof.jpeg\" alt=\"Kultbahnhof\" width=\"150\" height=\"150\" \/><br \/>\n\t<span>Kultbahnhof-Gifhorn<\/span>\n\t<\/div>\n<p><\/a><\/p>\n<p><a href=\"http:\/\/www.eventelevator.de\/\"><\/p>\n<div class=\"logo\">\n\t\t<img loading=\"lazy\" decoding=\"async\" src=\"http:\/\/te-se-gi.wpn.dl-local.de\/wp-content\/uploads\/sites\/5\/2016\/10\/EventElevator_LOGO4rein.fd1cb4f0.724c1360.png\" alt=\"Eventelevator\" width=\"150\" height=\"150\" \/><br \/>\n\t<span>Eventelevator.de<\/span>\n\t<\/div>\n<p><\/a><\/p>\n<p><a href=\"http:\/\/www.fachwerk-schulungen.de\/\"><\/p>\n<div class=\"logo\">\n\t\t<img loading=\"lazy\" decoding=\"async\" src=\"http:\/\/te-se-gi.wpn.dl-local.de\/wp-content\/uploads\/sites\/5\/2016\/10\/fachwerk.jpg\" alt=\"Fachwerk-Schulungen\" width=\"150\" height=\"150\" \/><br \/>\n\t<span>Fachwerk-Schulungen.de<\/span>\n\t<\/div>\n<p><\/a><\/p>\n","protected":false},"excerpt":{"rendered":"<p>Auch wir brauchen\u00a0manchmal Hilfe !!! Sei es nun eine Idee, Material oder auch nur Manpower. Daher freuen wir uns, auf kompetente und zuverl\u00e4ssige Partner zur\u00fcckgreifen zu k\u00f6nnen. Die Weltfirma Des Weiteren hat das Internet nat\u00fcrlich noch viel mehr an interessanten und informativen Seiten zu bieten, welche wir Ihnen nicht vorenthalten wollen. Musik-Scheune-Pollh\u00f6fen Kultbahnhof-Gifhorn Eventelevator.de Fachwerk-Schulungen.de<\/p>\n","protected":false},"author":4,"featured_media":0,"parent":0,"menu_order":0,"comment_status":"closed","ping_status":"closed","template":"","meta":{"_acf_changed":false,"footnotes":""},"class_list":["post-195","page","type-page","status-publish","hentry"],"acf":[],"_links":{"self":[{"href":"https:\/\/te-se-gi.de\/index.php\/wp-json\/wp\/v2\/pages\/195","targetHints":{"allow":["GET"]}}],"collection":[{"href":"https:\/\/te-se-gi.de\/index.php\/wp-json\/wp\/v2\/pages"}],"about":[{"href":"https:\/\/te-se-gi.de\/index.php\/wp-json\/wp\/v2\/types\/page"}],"author":[{"embeddable":true,"href":"https:\/\/te-se-gi.de\/index.php\/wp-json\/wp\/v2\/users\/4"}],"replies":[{"embeddable":true,"href":"https:\/\/te-se-gi.de\/index.php\/wp-json\/wp\/v2\/comments?post=195"}],"version-history":[{"count":0,"href":"https:\/\/te-se-gi.de\/index.php\/wp-json\/wp\/v2\/pages\/195\/revisions"}],"wp:attachment":[{"href":"https:\/\/te-se-gi.de\/index.php\/wp-json\/wp\/v2\/media?parent=195"}],"curies":[{"name":"wp","href":"https:\/\/api.w.org\/{rel}","templated":true}]}}